{"id":279,"date":"2021-01-20T15:39:13","date_gmt":"2021-01-20T08:39:13","guid":{"rendered":"https:\/\/www.ozgeozan.com\/?post_type=product&#038;p=279"},"modified":"2025-05-08T21:00:15","modified_gmt":"2025-05-08T18:00:15","slug":"mens-classic-stretch-suit","status":"publish","type":"product","link":"https:\/\/www.ozgeozan.com\/index.php\/product\/mens-classic-stretch-suit\/","title":{"rendered":"\u00dcr\u00fcnlerimiz \u0130nstagram Ma\u011fazam\u0131zdad\u0131r"},"content":{"rendered":"<p style=\"margin-bottom: 0;\"><img loading=\"lazy\" decoding=\"async\" class=\"image-description alignright wp-image-549 size-full\" src=\"https:\/\/www.ozgeozan.com\/wp-content\/uploads\/2021\/01\/product-description-img.jpg\" alt=\"\" width=\"600\" height=\"466\" \/><\/p>\n<h3 class=\"h2\" style=\"margin-bottom: 30px;\">Tailored clothes available as in chain stores. Everything is perfect.<\/h3>\n<p style=\"font-size: 22px; line-height: 38px; margin-bottom: 30px;\">These settings don\u2019t provide big changes but only some small css changes in spaces or borders for example.<\/p>\n<p>Because we have many types of elements we created Live Editor for you so you can see live changes. I ordered on Friday evening and on Monday at 12:30 the package was with me. I have never encountered such a fast order processing.<\/p>\n<ul class=\"features\">\n<li><img decoding=\"async\" class=\"alignnone size-full wp-image-358\" src=\"https:\/\/www.ozgeozan.com\/wp-content\/uploads\/2021\/01\/delivery.svg\" alt=\"\" \/>Free delivery<\/li>\n<li><img decoding=\"async\" class=\"alignnone size-full wp-image-360\" src=\"https:\/\/www.ozgeozan.com\/wp-content\/uploads\/2021\/01\/wallet.svg\" alt=\"\" \/>Money-back quarantee<\/li>\n<li><img decoding=\"async\" class=\"alignnone size-full wp-image-359\" src=\"https:\/\/www.ozgeozan.com\/wp-content\/uploads\/2021\/01\/package.svg\" alt=\"\" \/>Non-contact shipping<\/li>\n<li><img decoding=\"async\" class=\"alignnone size-full wp-image-413\" src=\"https:\/\/www.ozgeozan.com\/wp-content\/uploads\/2021\/02\/shield.svg\" alt=\"\" \/>Secure payments<\/li>\n<\/ul>\n","protected":false},"excerpt":{"rendered":"<ul class=\"ul-style check\">\n<li>Study history up to 30 days<\/li>\n<li>Up to 5 users simultaneously<\/li>\n<li>Has HEALTH certificate<\/li>\n<\/ul>\n","protected":false},"featured_media":532,"comment_status":"open","ping_status":"closed","template":"","meta":[],"product_cat":[128,102,145,61,116,131,134,138],"product_tag":[],"class_list":["post-279","product","type-product","status-publish","has-post-thumbnail","hentry","product_cat-gomlek","product_cat-gozluk","product_cat-jackets-coats-men","product_cat-men","product_cat-trousers-men","product_cat-suits","product_cat-t-shirts","product_cat-tracksuits","ts_product_brand-michael-kors"],"_links":{"self":[{"href":"https:\/\/www.ozgeozan.com\/index.php\/wp-json\/wp\/v2\/product\/279","targetHints":{"allow":["GET"]}}],"collection":[{"href":"https:\/\/www.ozgeozan.com\/index.php\/wp-json\/wp\/v2\/product"}],"about":[{"href":"https:\/\/www.ozgeozan.com\/index.php\/wp-json\/wp\/v2\/types\/product"}],"replies":[{"embeddable":true,"href":"https:\/\/www.ozgeozan.com\/index.php\/wp-json\/wp\/v2\/comments?post=279"}],"wp:featuredmedia":[{"embeddable":true,"href":"https:\/\/www.ozgeozan.com\/index.php\/wp-json\/wp\/v2\/media\/532"}],"wp:attachment":[{"href":"https:\/\/www.ozgeozan.com\/index.php\/wp-json\/wp\/v2\/media?parent=279"}],"wp:term":[{"taxonomy":"product_cat","embeddable":true,"href":"https:\/\/www.ozgeozan.com\/index.php\/wp-json\/wp\/v2\/product_cat?post=279"},{"taxonomy":"product_tag","embeddable":true,"href":"https:\/\/www.ozgeozan.com\/index.php\/wp-json\/wp\/v2\/product_tag?post=279"}],"curies":[{"name":"wp","href":"https:\/\/api.w.org\/{rel}","templated":true}]}}