{"id":253,"date":"2021-01-20T14:54:23","date_gmt":"2021-01-20T07:54:23","guid":{"rendered":"https:\/\/www.ozgeozan.com\/?post_type=product&#038;p=253"},"modified":"2025-05-08T21:00:15","modified_gmt":"2025-05-08T18:00:15","slug":"lightweight-lounge-terry-cardigan","status":"publish","type":"product","link":"https:\/\/www.ozgeozan.com\/index.php\/product\/lightweight-lounge-terry-cardigan\/","title":{"rendered":"\u00dcr\u00fcnlerimiz \u0130nstagram Ma\u011fazam\u0131zdad\u0131r"},"content":{"rendered":"<h5 style=\"font-size: 20px; line-height: 26px;\">Tailored clothes available as in chain stores. Everything is perfect.<\/h5>\n<h6 style=\"font-weight: normal; line-height: 28px;\">These settings don\u2019t provide big changes but only some small css changes in spaces or borders for example.<\/h6>\n<p>Because we have many types of elements we created Live Editor for you so you can see live changes. I ordered on Friday evening and on Monday at 12:30 the package was with me. I have never encountered such a fast order processing.<\/p>\n<ul class=\"ul-style check\">\n<li>Study history up to 30 days<\/li>\n<li>Up to 5 users simultaneously<\/li>\n<li>Has HEALTH certificate<\/li>\n<\/ul>\n","protected":false},"excerpt":{"rendered":"<ul class=\"ul-style check\">\n<li>Study history up to 30 days<\/li>\n<li>Up to 5 users simultaneously<\/li>\n<li>Has HEALTH certificate<\/li>\n<\/ul>\n","protected":false},"featured_media":588,"comment_status":"open","ping_status":"closed","template":"","meta":[],"product_cat":[102,147,153,126,150,77],"product_tag":[],"class_list":["post-253","product","type-product","status-publish","has-post-thumbnail","hentry","product_cat-gozluk","product_cat-lingerie","product_cat-mayo-bikini","product_cat-sale","product_cat-shorts-women","product_cat-women","ts_product_brand-cartier"],"_links":{"self":[{"href":"https:\/\/www.ozgeozan.com\/index.php\/wp-json\/wp\/v2\/product\/253","targetHints":{"allow":["GET"]}}],"collection":[{"href":"https:\/\/www.ozgeozan.com\/index.php\/wp-json\/wp\/v2\/product"}],"about":[{"href":"https:\/\/www.ozgeozan.com\/index.php\/wp-json\/wp\/v2\/types\/product"}],"replies":[{"embeddable":true,"href":"https:\/\/www.ozgeozan.com\/index.php\/wp-json\/wp\/v2\/comments?post=253"}],"wp:featuredmedia":[{"embeddable":true,"href":"https:\/\/www.ozgeozan.com\/index.php\/wp-json\/wp\/v2\/media\/588"}],"wp:attachment":[{"href":"https:\/\/www.ozgeozan.com\/index.php\/wp-json\/wp\/v2\/media?parent=253"}],"wp:term":[{"taxonomy":"product_cat","embeddable":true,"href":"https:\/\/www.ozgeozan.com\/index.php\/wp-json\/wp\/v2\/product_cat?post=253"},{"taxonomy":"product_tag","embeddable":true,"href":"https:\/\/www.ozgeozan.com\/index.php\/wp-json\/wp\/v2\/product_tag?post=253"}],"curies":[{"name":"wp","href":"https:\/\/api.w.org\/{rel}","templated":true}]}}